{"id":829,"date":"2013-08-07T15:56:05","date_gmt":"2013-08-07T15:56:05","guid":{"rendered":"https:\/\/aplicacao.rio.br\/vilamilitar\/?page_id=829"},"modified":"2020-10-14T20:28:51","modified_gmt":"2020-10-14T20:28:51","slug":"ensino-fundamental","status":"publish","type":"page","link":"https:\/\/aplicacao.rio.br\/vilamilitar\/cursos\/ensino-fundamental\/","title":{"rendered":"Ensino Fundamental"},"content":{"rendered":"<header><img decoding=\"async\" alt=\"Ensino Fundamental\" src=\"https:\/\/aplicacao.rio.br\/vilamilitar\/wp-content\/uploads\/2019\/10\/ensino_fundamental.jpg\"><\/header>\n<div style=\"margin-bottom: 70px;\">\n<!---[layerslider id=\"12\"]---><br \/>\n<!--[layerslider id=\"8\"]--><\/div>\n<p><strong>Instru\u00e7\u00f5es Militares a partir do 6\u00ba ano<\/strong> &#8211; Componente curricular em conson\u00e2ncia com valores hist\u00f3ricos da vida militar e cidad\u00e3.<\/p>\n<p><strong>Projeto de pesquisa interdisciplinar<\/strong> &#8211; Visando aprimora\u00e7\u00e3o acad\u00eamica, a partir do Ensino Fundamental I os alunos desenvolver\u00e3o projetos de pesquisa cient\u00edfica interdisciplinar.<\/p>\n<p><strong>Metodologias Ativas<\/strong> &#8211; Para media\u00e7\u00e3o do processo de ensino utilizamos  as Metodologias Ativas.<\/p>\n<p><img decoding=\"async\" alt=\"Metodologias Ativas\" src=\"https:\/\/aplicacao.rio.br\/vilamilitar\/wp-content\/uploads\/2019\/10\/metodologias_ativas.png\"><\/p>\n<p><a href=\"https:\/\/aplicacao.rio.br\/vilamilitar\/wp-content\/uploads\/2014\/08\/banner_descontos_cca.png\"><img loading=\"lazy\" decoding=\"async\" class=\"alignnone size-full wp-image-2747\" src=\"https:\/\/aplicacao.rio.br\/vilamilitar\/wp-content\/uploads\/2014\/08\/banner_descontos_cca.png\" alt=\"banner_descontos_cca\" width=\"665\" height=\"190\" srcset=\"https:\/\/aplicacao.rio.br\/vilamilitar\/wp-content\/uploads\/2014\/08\/banner_descontos_cca.png 665w, https:\/\/aplicacao.rio.br\/vilamilitar\/wp-content\/uploads\/2014\/08\/banner_descontos_cca-300x85.png 300w\" sizes=\"auto, (max-width: 665px) 100vw, 665px\" \/><\/a><\/p>\n","protected":false},"excerpt":{"rendered":"<p>Instru\u00e7\u00f5es Militares a partir do 6\u00ba ano &#8211; Componente curricular em conson\u00e2ncia com valores hist\u00f3ricos da vida militar e cidad\u00e3. Projeto de pesquisa interdisciplinar &#8211; Visando aprimora\u00e7\u00e3o acad\u00eamica, a partir do Ensino Fundamental I os alunos desenvolver\u00e3o projetos de pesquisa cient\u00edfica interdisciplinar. Metodologias Ativas &#8211; Para media\u00e7\u00e3o do processo de ensino utilizamos as Metodologias Ativas.<\/p>\n","protected":false},"author":4918,"featured_media":0,"parent":522,"menu_order":0,"comment_status":"closed","ping_status":"closed","template":"","meta":{"footnotes":"","_links_to":"","_links_to_target":""},"class_list":["post-829","page","type-page","status-publish","hentry"],"_links":{"self":[{"href":"https:\/\/aplicacao.rio.br\/vilamilitar\/wp-json\/wp\/v2\/pages\/829","targetHints":{"allow":["GET"]}}],"collection":[{"href":"https:\/\/aplicacao.rio.br\/vilamilitar\/wp-json\/wp\/v2\/pages"}],"about":[{"href":"https:\/\/aplicacao.rio.br\/vilamilitar\/wp-json\/wp\/v2\/types\/page"}],"author":[{"embeddable":true,"href":"https:\/\/aplicacao.rio.br\/vilamilitar\/wp-json\/wp\/v2\/users\/4918"}],"replies":[{"embeddable":true,"href":"https:\/\/aplicacao.rio.br\/vilamilitar\/wp-json\/wp\/v2\/comments?post=829"}],"version-history":[{"count":95,"href":"https:\/\/aplicacao.rio.br\/vilamilitar\/wp-json\/wp\/v2\/pages\/829\/revisions"}],"predecessor-version":[{"id":26508,"href":"https:\/\/aplicacao.rio.br\/vilamilitar\/wp-json\/wp\/v2\/pages\/829\/revisions\/26508"}],"up":[{"embeddable":true,"href":"https:\/\/aplicacao.rio.br\/vilamilitar\/wp-json\/wp\/v2\/pages\/522"}],"wp:attachment":[{"href":"https:\/\/aplicacao.rio.br\/vilamilitar\/wp-json\/wp\/v2\/media?parent=829"}],"curies":[{"name":"wp","href":"https:\/\/api.w.org\/{rel}","templated":true}]}}