{"id":740,"date":"2013-08-06T17:55:13","date_gmt":"2013-08-06T17:55:13","guid":{"rendered":"https:\/\/aplicacao.rio.br\/vilamilitar\/?page_id=740"},"modified":"2025-09-01T12:22:07","modified_gmt":"2025-09-01T12:22:07","slug":"palavras-do-diretor","status":"publish","type":"page","link":"https:\/\/aplicacao.rio.br\/vilamilitar\/institucional\/palavras-do-diretor\/","title":{"rendered":"Carta Aos Respons\u00e1veis"},"content":{"rendered":"<header><img decoding=\"async\" src=\"https:\/\/aplicacao.rio.br\/vilamilitar\/wp-content\/uploads\/2013\/08\/prof_antonio_peq.jpg\" alt=\"Palavras do diretor\" \/><\/header>\n<p><b>Queridas fam\u00edlias e alunos do Col\u00e9gio e Curso Aplica\u00e7\u00e3o C\u00edvico-Militar,<\/b><\/p>\n<p>\u00c9 com alegria que celebramos mais um ano da nossa significativa jornada educacional. Ao longo desses 12 anos, nosso col\u00e9gio tem se empenhado incansavelmente para promover uma educa\u00e7\u00e3o de qualidade e de prepara\u00e7\u00e3o dos jovens para enfrentarem os desafios do s\u00e9culo XXI.<\/p>\n<p>S\u00e3o 12 anos de dedica\u00e7\u00e3o, compromisso e realiza\u00e7\u00f5es que refletem o empenho inabal\u00e1vel de nosso corpo docente e de nossa equipe pedag\u00f3gica, que s\u00e3o altamente qualificadas, para que a forma\u00e7\u00e3o de excel\u00eancia e de resultados levem cada um de nossos alunos, para um futuro brilhante e cheio de oportunidades.<\/p>\n<p>Com um projeto pedag\u00f3gico inovador, que alia os princ\u00edpios da vida militar, com a Base Nacional Comum Curricular (BNCC), inerentes \u00e0 educa\u00e7\u00e3o de excel\u00eancia acad\u00eamica, o Col\u00e9gio e Curso Aplica\u00e7\u00e3o C\u00edvico-Militar visa formar cidad\u00e3os conscientes de seus direitos e deveres, cultivar valores s\u00f3lidos e formar jovens capazes de liderar e lidar com os desafios do mercado de trabalho com \u00eaxito.<\/p>\n<p>A forma\u00e7\u00e3o integral para autonomia de nossas crian\u00e7as e jovens s\u00e3o nossa prioridade m\u00e1xima durante esses 12 anos, e acreditamos firmemente na parceria entre escola e fam\u00edlia para alcan\u00e7ar esse objetivo.<\/p>\n<p>Nesta nova fase, olhamos para frente com a determina\u00e7\u00e3o, ainda maior, e renovamos nosso compromisso em promover aprendizagem SIGNIFICATIVA, RESPEITO, TOLER\u00c2NCIA, CIDADANIA, CIVISMO E PATRIOTISMO, como valores fundamentais nos dias atuais.<\/p>\n<p>Que este novo ano seja repleto de realiza\u00e7\u00f5es e alegrias genu\u00ednas e de sucesso duradouro para todos n\u00f3s!<\/p>\n<p>Atenciosamente,<\/p>\n<p><b>Prof. Dr. Jos\u00e9 Ant\u00f4nio de P\u00e1dua Zaib<\/b><\/p>\n<p><b>Diretor Geral<\/b><\/p>\n<h2><\/h2>\n","protected":false},"excerpt":{"rendered":"<p>Queridas fam\u00edlias e alunos do Col\u00e9gio e Curso Aplica\u00e7\u00e3o C\u00edvico-Militar, \u00c9 com alegria que celebramos mais um ano da nossa significativa jornada educacional. Ao longo desses 12 anos, nosso col\u00e9gio tem se empenhado incansavelmente para promover uma educa\u00e7\u00e3o de qualidade e de prepara\u00e7\u00e3o dos jovens para enfrentarem os desafios do s\u00e9culo XXI. S\u00e3o 12 anos de dedica\u00e7\u00e3o, compromisso e realiza\u00e7\u00f5es que refletem o empenho inabal\u00e1vel de nosso corpo docente e&hellip;<\/p>\n","protected":false},"author":4918,"featured_media":0,"parent":516,"menu_order":0,"comment_status":"closed","ping_status":"closed","template":"","meta":{"footnotes":"","_links_to":"","_links_to_target":""},"class_list":["post-740","page","type-page","status-publish","hentry"],"_links":{"self":[{"href":"https:\/\/aplicacao.rio.br\/vilamilitar\/wp-json\/wp\/v2\/pages\/740","targetHints":{"allow":["GET"]}}],"collection":[{"href":"https:\/\/aplicacao.rio.br\/vilamilitar\/wp-json\/wp\/v2\/pages"}],"about":[{"href":"https:\/\/aplicacao.rio.br\/vilamilitar\/wp-json\/wp\/v2\/types\/page"}],"author":[{"embeddable":true,"href":"https:\/\/aplicacao.rio.br\/vilamilitar\/wp-json\/wp\/v2\/users\/4918"}],"replies":[{"embeddable":true,"href":"https:\/\/aplicacao.rio.br\/vilamilitar\/wp-json\/wp\/v2\/comments?post=740"}],"version-history":[{"count":39,"href":"https:\/\/aplicacao.rio.br\/vilamilitar\/wp-json\/wp\/v2\/pages\/740\/revisions"}],"predecessor-version":[{"id":27370,"href":"https:\/\/aplicacao.rio.br\/vilamilitar\/wp-json\/wp\/v2\/pages\/740\/revisions\/27370"}],"up":[{"embeddable":true,"href":"https:\/\/aplicacao.rio.br\/vilamilitar\/wp-json\/wp\/v2\/pages\/516"}],"wp:attachment":[{"href":"https:\/\/aplicacao.rio.br\/vilamilitar\/wp-json\/wp\/v2\/media?parent=740"}],"curies":[{"name":"wp","href":"https:\/\/api.w.org\/{rel}","templated":true}]}}