{"id":546,"date":"2013-07-11T20:54:03","date_gmt":"2013-07-11T20:54:03","guid":{"rendered":"https:\/\/aplicacao.rio.br\/vilamilitar\/?page_id=546"},"modified":"2025-09-01T13:05:57","modified_gmt":"2025-09-01T13:05:57","slug":"missao-visao-e-valores","status":"publish","type":"page","link":"https:\/\/aplicacao.rio.br\/vilamilitar\/institucional\/missao-visao-e-valores\/","title":{"rendered":"Miss\u00e3o, Vis\u00e3o e Valores"},"content":{"rendered":"<header><img loading=\"lazy\" decoding=\"async\" class=\"alignnone wp-image-27363 size-full\" src=\"https:\/\/aplicacao.rio.br\/vilamilitar\/wp-content\/uploads\/2025\/09\/missao_visao_valores-1024x684-1.jpg\" alt=\"\" width=\"1024\" height=\"684\" srcset=\"https:\/\/aplicacao.rio.br\/vilamilitar\/wp-content\/uploads\/2025\/09\/missao_visao_valores-1024x684-1.jpg 1024w, https:\/\/aplicacao.rio.br\/vilamilitar\/wp-content\/uploads\/2025\/09\/missao_visao_valores-1024x684-1-300x200.jpg 300w, https:\/\/aplicacao.rio.br\/vilamilitar\/wp-content\/uploads\/2025\/09\/missao_visao_valores-1024x684-1-768x513.jpg 768w\" sizes=\"auto, (max-width: 1024px) 100vw, 1024px\" \/><\/header>\n<p>O Col\u00e9gio Aplica\u00e7\u00e3o C\u00edvico-Militar tem muito forte em sua proposta o entusiasmo e motiva\u00e7\u00e3o para fazer da educa\u00e7\u00e3o o caminho de realiza\u00e7\u00e3o e sucesso para nossos estudantes.<\/p>\n<p>Buscamos de forma permanente oferecer um servi\u00e7o de qualidade em educa\u00e7\u00e3o, oportunizando aos nossos alunos viv\u00eancias e experi\u00eancias significativas na constru\u00e7\u00e3o do processo ensino-aprendizagem.<\/p>\n<p>Preparamos as novas gera\u00e7\u00f5es para o desenvolvimento de compet\u00eancias e habilidades no sentido da realiza\u00e7\u00e3o pessoal, humana, social e a inser\u00e7\u00e3o no mundo profissional.<\/p>\n<h4><strong>NOSSOS PRINC\u00cdPIOS<\/strong><\/h4>\n<p>\u2022 Excel\u00eancia no padr\u00e3o de ensino;<\/p>\n<p>\u2022 Inova\u00e7\u00e3o e criatividade;<\/p>\n<p>\u2022 Responsabilidade social;<\/p>\n<p>\u2022 Camaradagem e urbanidade nas rela\u00e7\u00f5es interpessoais<\/p>\n<p>\u2022 Coparticipa\u00e7\u00e3o fam\u00edlia-escola no processo educacional.<\/p>\n<h2 class=\"h1\">Miss\u00e3o<\/h2>\n<p>Desenvolver a forma\u00e7\u00e3o integral do indiv\u00edduo, estimulando o senso cr\u00edtico, criatividade, autonomia, responsabilidade social e sentimento patri\u00f3tico, para que atue na sociedade como cidad\u00e3o \u00e9tico, solid\u00e1rio e participativo.<\/p>\n<h2 class=\"h1\">Vis\u00e3o<\/h2>\n<p>Ser reconhecido como institui\u00e7\u00e3o educacional c\u00edvico-militar de excel\u00eancia acad\u00eamica, com compromisso em promover a forma\u00e7\u00e3o de educandos cr\u00edticos e conscientes do seu compromisso com a responsabilidade social e o desenvolvimento sustent\u00e1vel, na constru\u00e7\u00e3o do conhecimento, da intelig\u00eancia \u00e9tica e da conviv\u00eancia democr\u00e1tica.<\/p>\n<h2 class=\"h1\">Valores<\/h2>\n<p>Com base em nossa proposta pedag\u00f3gica, desenvolver valores essenciais, como:<\/p>\n<p><span style=\"color: #008080;\"><strong>\u2022 Disciplina e respeito \u00e0 hierarquia<\/strong><\/span><\/p>\n<p><span style=\"color: #008080;\"><strong>\u2022 Probidade Cidadania, civismo e patriotismo<\/strong><\/span><\/p>\n<p><span style=\"color: #008080;\"><strong>\u2022 Autonomia Comprometimento<\/strong><\/span><\/p>\n<p><span style=\"color: #008080;\"><strong>\u2022 Rela\u00e7\u00f5es \u00e9ticas e morais Respeito e toler\u00e2ncia<\/strong><\/span><\/p>\n<p><span style=\"color: #008080;\"><strong>\u2022 Compromisso com o saber<\/strong><\/span><\/p>\n","protected":false},"excerpt":{"rendered":"<p>O Col\u00e9gio Aplica\u00e7\u00e3o C\u00edvico-Militar tem muito forte em sua proposta o entusiasmo e motiva\u00e7\u00e3o para fazer da educa\u00e7\u00e3o o caminho de realiza\u00e7\u00e3o e sucesso para nossos estudantes. Buscamos de forma permanente oferecer um servi\u00e7o de qualidade em educa\u00e7\u00e3o, oportunizando aos nossos alunos viv\u00eancias e experi\u00eancias significativas na constru\u00e7\u00e3o do processo ensino-aprendizagem. Preparamos as novas gera\u00e7\u00f5es para o desenvolvimento de compet\u00eancias e habilidades no sentido da realiza\u00e7\u00e3o pessoal, humana, social e&hellip;<\/p>\n","protected":false},"author":4918,"featured_media":0,"parent":516,"menu_order":0,"comment_status":"closed","ping_status":"closed","template":"","meta":{"footnotes":"","_links_to":"","_links_to_target":""},"class_list":["post-546","page","type-page","status-publish","hentry"],"_links":{"self":[{"href":"https:\/\/aplicacao.rio.br\/vilamilitar\/wp-json\/wp\/v2\/pages\/546","targetHints":{"allow":["GET"]}}],"collection":[{"href":"https:\/\/aplicacao.rio.br\/vilamilitar\/wp-json\/wp\/v2\/pages"}],"about":[{"href":"https:\/\/aplicacao.rio.br\/vilamilitar\/wp-json\/wp\/v2\/types\/page"}],"author":[{"embeddable":true,"href":"https:\/\/aplicacao.rio.br\/vilamilitar\/wp-json\/wp\/v2\/users\/4918"}],"replies":[{"embeddable":true,"href":"https:\/\/aplicacao.rio.br\/vilamilitar\/wp-json\/wp\/v2\/comments?post=546"}],"version-history":[{"count":16,"href":"https:\/\/aplicacao.rio.br\/vilamilitar\/wp-json\/wp\/v2\/pages\/546\/revisions"}],"predecessor-version":[{"id":27371,"href":"https:\/\/aplicacao.rio.br\/vilamilitar\/wp-json\/wp\/v2\/pages\/546\/revisions\/27371"}],"up":[{"embeddable":true,"href":"https:\/\/aplicacao.rio.br\/vilamilitar\/wp-json\/wp\/v2\/pages\/516"}],"wp:attachment":[{"href":"https:\/\/aplicacao.rio.br\/vilamilitar\/wp-json\/wp\/v2\/media?parent=546"}],"curies":[{"name":"wp","href":"https:\/\/api.w.org\/{rel}","templated":true}]}}