{"id":4,"date":"2013-07-08T20:26:19","date_gmt":"2013-07-08T20:26:19","guid":{"rendered":"https:\/\/aplicacao.rio.br\/vilamilitar\/?page_id=4"},"modified":"2025-09-01T12:13:40","modified_gmt":"2025-09-01T12:13:40","slug":"inicio-2","status":"publish","type":"page","link":"https:\/\/aplicacao.rio.br\/vilamilitar\/","title":{"rendered":"Inicio"},"content":{"rendered":"<h3 class=\"underline paddingbottom\">Destaques<\/h3>\n<div class=\"shortcode post archive grid three-column\">\n<div class=\"grid-row linearise\" style=\"display: flex; flex-wrap: wrap;\">\n<div class=\"grid-item one-third\">\n<article class=\"unboxed\"><a href=\"https:\/\/divulgando.aplicacao.rio.br\/educacao-infantil-civico-militar-2025\"><img loading=\"lazy\" decoding=\"async\" class=\"alignnone wp-image-27242 size-full\" src=\"https:\/\/aplicacao.rio.br\/vilamilitar\/wp-content\/uploads\/2025\/09\/ed_infantil.jpg\" alt=\"\" width=\"200\" height=\"132\" \/><\/a>\n<div class=\"content\">\n<h5 class=\"title text-center\"><a href=\"https:\/\/divulgando.aplicacao.rio.br\/educacao-infantil-civico-militar-2025\">Educa\u00e7\u00e3o Infantil (Manh\u00e3 e Tarde)<\/a><\/h5>\n<\/div>\n<\/article>\n<\/div>\n<div class=\"grid-item one-third\">\n<article class=\"unboxed\"><a href=\"https:\/\/divulgando.aplicacao.rio.br\/ensino-fundamental-civico-militar-2025\"><img loading=\"lazy\" decoding=\"async\" class=\"alignnone wp-image-27244 size-full\" src=\"https:\/\/aplicacao.rio.br\/vilamilitar\/wp-content\/uploads\/2025\/09\/ensino_fundamental.jpg\" alt=\"\" width=\"200\" height=\"132\" \/><\/a>\n<div class=\"content\">\n<h5 class=\"title text-center\"><a href=\"https:\/\/divulgando.aplicacao.rio.br\/ensino-fundamental-civico-militar-2025\">Ensino Fundamental (Manh\u00e3 e Tarde)<\/a><\/h5>\n<\/div>\n<\/article>\n<\/div>\n<div class=\"grid-item one-third\">\n<article class=\"unboxed\"><a href=\"https:\/\/divulgando.aplicacao.rio.br\/ensino-medio-civico-militar-2025\"><img loading=\"lazy\" decoding=\"async\" class=\"alignnone wp-image-27245 size-full\" src=\"https:\/\/aplicacao.rio.br\/vilamilitar\/wp-content\/uploads\/2025\/09\/ensino_medio.jpg\" alt=\"\" width=\"200\" height=\"132\" \/><\/a>\n<div class=\"content\">\n<h5 class=\"title text-center\"><a href=\"https:\/\/divulgando.aplicacao.rio.br\/ensino-medio-civico-militar-2025\">Ensino M\u00e9dio<\/a><\/h5>\n<\/div>\n<\/article>\n<\/div>\n<div class=\"grid-item one-third\">\n<article class=\"unboxed\"><a href=\"http:\/\/aplicacao.rio.br\/vilamilitar\/category\/eventos\/\"><img loading=\"lazy\" decoding=\"async\" class=\"alignnone\" src=\"https:\/\/aplicacao.rio.br\/vilamilitar\/wp-content\/uploads\/2025\/09\/eventos_atividades.jpg\" alt=\"\" width=\"200\" height=\"132\" \/><\/a>\n<div class=\"content\">\n<h5 class=\"title text-center\"><a href=\"http:\/\/aplicacao.rio.br\/vilamilitar\/category\/eventos\/\">Veja aqui os eventos e atividades realizadas por nossos alunos<\/a><\/h5>\n<\/div>\n<\/article>\n<\/div>\n<div class=\"grid-item one-third\">\n<article class=\"unboxed\"><a href=\"http:\/\/aplicacao.rio.br\/vilamilitar\/institucional\/palavras-do-diretor\/\"><img loading=\"lazy\" decoding=\"async\" class=\"alignnone\" src=\"http:\/\/aplicacao.rio.br\/vilamilitar\/wp-content\/uploads\/2013\/08\/determinacao_peq.jpg\" alt=\"\" width=\"200\" height=\"132\" \/><\/a>\n<div class=\"content\">\n<h5 class=\"title text-center\"><a href=\"http:\/\/aplicacao.rio.br\/vilamilitar\/institucional\/palavras-do-diretor\/\">Determina\u00e7\u00e3o por qualidade<\/a><\/h5>\n<h5 class=\"title text-center\">\u00a0<\/h5>\n<\/div>\n<\/article>\n<\/div>\n<div class=\"grid-item one-third\">\n<article class=\"unboxed\"><a href=\"http:\/\/aplicacao.rio.br\/vilamilitar\/lista-de-materiais\"><img loading=\"lazy\" decoding=\"async\" class=\"alignnone\" src=\"http:\/\/aplicacao.rio.br\/vilamilitar\/wp-content\/uploads\/2020\/11\/destaque_lista_material.jpg\" alt=\"\" width=\"200\" height=\"132\" \/><\/a>\n<div class=\"content\" style=\"margin-top: 20px;\">\n<h5 class=\"title text-center\"><a href=\"http:\/\/aplicacao.rio.br\/vilamilitar\/lista-de-materiais\">Lista de Materiais<\/a><\/h5>\n<\/div>\n<\/article>\n<\/div>\n<\/div>\n<\/div>\n<div class=\"shortcode post archive grid three-column\">\n<div class=\"grid-row linearise\">\n<div class=\"grid-item one-third\"><!--\n\n\n\n\n\n\n\n\n\n\n\n\n\n\n\n\n\n<article class=\"unboxed\"><a href=\"https:\/\/divulgando.aplicacao.rio.br\/projeto-espcex\" target=\"_blank\" rel=\"noopener\"><img loading=\"lazy\" decoding=\"async\" class=\"img-responsive img-thumbnail img-hover-overlay alignnone wp-image-26431 size-full\" src=\"http:\/\/www.aplicacao.rio.br\/vilamilitar\/wp-content\/uploads\/2020\/03\/expcex.jpg\" alt=\"\" width=\"200\" height=\"132\" \/><\/a>\n\n\n\n\n\n\n\n\n\n\n\n\n\n\n\n\n\n\n\n\n\n\n\n<div class=\"content\">\n\n\n\n\n\n\n\n\n\n\n\n\n\n\n\n\n\n\n<h5 class=\"title text-center\"><a href=\"https:\/\/divulgando.aplicacao.rio.br\/projeto-espcex\" target=\"_blank\" rel=\"noopener\">Projeto EsPCEx<\/a><\/h5>\n\n\n\n\n\n\n\n\n\n\n\n\n\n\n\n\n\n\n\n\n\n\n\n<\/div>\n\n\n\n\n\n\n\n\n\n\n\n\n\n\n\n\n\n\n<\/article>\n\n\n\n\n\n\n\n\n\n\n\n\n\n\n\n\n\n--><\/div>\n<div class=\"grid-item one-third\"><!--\n\n\n\n\n\n\n\n\n\n\n\n\n\n\n\n\n\n<article class=\"unboxed\"><a href=\"http:\/\/aplicacao.rio.br\/vilamilitar\/pensando-juntos\/\"><img loading=\"lazy\" decoding=\"async\" class=\"img-responsive img-thumbnail img-hover-overlay alignnone wp-image-18951 size-full\" src=\"http:\/\/aplicacao.rio.br\/vilamilitar\/wp-content\/uploads\/2013\/07\/home-destaques_23.png\" alt=\"\" width=\"200\" height=\"132\" \/><\/a>\n\n\n\n\n\n\n\n\n\n\n\n\n\n\n\n\n\n\n\n\n\n\n\n<div class=\"content\">\n\n\n\n\n\n\n\n\n\n\n\n\n\n\n\n\n\n\n<h5 class=\"title text-center\"><a href=\"http:\/\/aplicacao.rio.br\/vilamilitar\/pensando-juntos\/\">Pensando Juntos<\/a><\/h5>\n\n\n\n\n\n\n\n\n\n\n\n\n\n\n\n\n\n\n\n\n\n\n\n<\/div>\n\n\n\n\n\n\n\n\n\n\n\n\n\n\n\n\n\n\n<\/article>\n\n\n\n\n\n\n\n\n\n\n\n\n\n\n\n\n\n--><\/div>\n<div class=\"grid-item one-third\"><!--\n\n\n\n\n\n\n\n\n\n\n\n\n\n\n\n\n\n<article class=\"unboxed\"><a href=\"https:\/\/aplicacao.rio.br\/vilamilitar\/desfile-civico-2021\/\"><img loading=\"lazy\" decoding=\"async\" class=\"img-responsive img-thumbnail img-hover-overlay alignnone\" src=\"http:\/\/aplicacao.rio.br\/vilamilitar\/wp-content\/uploads\/2013\/07\/home-destaques_27.png\" alt=\"\" width=\"200\" height=\"132\" \/><\/a>\n\n\n\n\n\n\n\n\n\n\n\n\n\n\n\n\n\n\n\n\n\n\n\n<div class=\"content\">\n\n\n\n\n\n\n\n\n\n\n\n\n\n\n\n\n\n\n<h5 class=\"title text-center\"><a href=\"https:\/\/aplicacao.rio.br\/vilamilitar\/desfile-civico-2021\/\">Desfile C\u00edvico 2021<\/a><\/h5>\n\n\n\n\n\n\n\n\n\n\n\n\n\n\n\n\n\n\n\n\n\n\n--><\/div>\n<\/div>\n<\/div>\n<div class=\"shortcode post archive grid three-column\">\n<div class=\"grid-row linearise\">\n<div class=\"grid-item one-third\"><!--\n\n\n\n\n\n\n\n\n\n\n\n\n\n\n\n\n\n\n\n\n\n\n\n\n\n\n\n\n\n\n\n\n\n\n\n\n\n\n\n<article class=\"unboxed\"><a href=\"http:\/\/aplicacao.rio.br\/vilamilitar\/olimpiada-estudantil-2019-pessoas-que-inspiram\/\"><img loading=\"lazy\" decoding=\"async\" class=\"img-responsive img-thumbnail img-hover-overlay\" src=\"http:\/\/aplicacao.rio.br\/vilamilitar\/wp-content\/uploads\/2018\/12\/home-destaques_25.png\" alt=\"\" width=\"200\" height=\"132\"><\/a>\n\n\n\n\n\n\n\n\n\n\n\n\n\n\n\n\n\n\n\n\n\n\n\n\n\n\n\n\n\n\n\n\n\n\n\n\n\n\n\n\n\n\n\n\n<div class=\"content\">\n\n\n\n\n\n\n\n\n\n\n\n\n\n\n\n\n\n\n\n\n\n\n\n\n\n\n\n\n\n\n\n\n\n\n\n\n\n\n\n\n<h5 class=\"title text-center\"><a href=\"http:\/\/aplicacao.rio.br\/vilamilitar\/olimpiada-estudantil-2019-pessoas-que-inspiram\/\">Olimp\u00edada Estudantil 2019<\/a><\/h5>\n\n\n\n\n\n\n\n\n\n\n\n\n\n\n\n\n\n\n\n\n\n\n\n\n\n\n\n\n\n\n\n\n\n\n\n\n\n\n\n\n\n\n\n\n\n<\/div>\n\n\n\n\n\n\n\n\n\n\n\n\n\n\n\n\n\n\n\n\n\n\n\n\n\n\n\n\n\n\n\n\n\n\n\n\n\n\n\n\n<\/article>\n\n\n\n\n\n\n\n\n\n\n\n\n\n\n\n\n\n\n\n\n\n\n\n\n\n\n\n\n\n\n\n\n\n\n\n\n\n\n\n--><\/div>\n<div class=\"grid-item one-third\"><!--\n\n\n\n\n\n\n\n\n\n\n\n\n\n\n\n\n\n\n\n\n\n\n\n\n\n\n\n\n\n\n\n\n\n\n\n\n\n\n\n<article class=\"unboxed\"><a href=\" http:\/\/bit.ly\/CCAreserva2020\"><img loading=\"lazy\" decoding=\"async\" class=\"img-responsive img-thumbnail img-hover-overlay\" src=\"http:\/\/www.aplicacao.rio.br\/vilamilitar\/wp-content\/uploads\/2019\/11\/cadastro_reserva.png\" alt=\"\" width=\"200\" height=\"132\"><\/a>\n\n\n\n\n\n\n\n\n\n\n\n\n\n\n\n\n\n\n\n\n\n\n\n\n\n\n\n\n\n\n\n\n\n\n\n\n\n\n\n\n\n\n\n\n<div class=\"content\">\n\n\n\n\n\n\n\n\n\n\n\n\n\n\n\n\n\n\n\n\n\n\n\n\n\n\n\n\n\n\n\n\n\n\n\n\n\n\n\n\n<h5 class=\"title text-center\"><a href=\" http:\/\/bit.ly\/CCAreserva2020\">Cadastro de reserva 2020<\/a><\/h5>\n\n\n\n\n\n\n\n\n\n\n\n\n\n\n\n\n\n\n\n\n\n\n\n\n\n\n\n\n\n\n\n\n\n\n\n\n\n\n\n\n\n\n\n\n\n<\/div>\n\n\n\n\n\n\n\n\n\n\n\n\n\n\n\n\n\n\n\n\n\n\n\n\n\n\n\n\n\n\n\n\n\n\n\n\n\n\n\n\n<\/article>\n\n\n\n\n\n\n\n\n\n\n\n\n\n\n\n\n\n\n\n\n\n\n\n\n\n\n\n\n\n\n\n\n\n\n\n\n\n\n\n--><\/div>\n<div class=\"grid-item one-third\">\u00a0<\/div>\n<\/div>\n<\/div>\n<h3 class=\"underline paddingbottom\">Institucional<\/h3>\n<div class=\"shortcode post archive grid two-column\">\n<div class=\"grid-row linearise\">\n<div class=\"grid-item one-half\">\n<article class=\"unboxed\"><a href=\"http:\/\/aplicacao.rio.br\/vilamilitar\/institucional\/nossa-historia\/\"><img decoding=\"async\" class=\"img-responsive img-thumbnail img-hover-overlay\" src=\"http:\/\/aplicacao.rio.br\/vilamilitar\/wp-content\/uploads\/2016\/09\/home-institucional-01.jpg\" \/><\/a>\n<div class=\"content\">\n<h5 class=\"title text-center\"><a href=\"http:\/\/aplicacao.rio.br\/vilamilitar\/institucional\/nossa-historia\/\">Um novo col\u00e9gio com mais de 40 anos de tradi\u00e7\u00e3o<\/a><\/h5>\n<\/div>\n<\/article>\n<\/div>\n<div class=\"grid-item one-half\">\n<article class=\"unboxed\"><a href=\"http:\/\/aplicacao.rio.br\/vilamilitar\/institucional\/missao-visao-e-valores\/\"><img decoding=\"async\" class=\"img-responsive img-thumbnail img-hover-overlay\" src=\"https:\/\/aplicacao.rio.br\/vilamilitar\/wp-content\/uploads\/2025\/09\/thumb_missao_2.jpg\" \/><\/a>\n<div class=\"content\">\n<h5 class=\"title text-center\"><a href=\"http:\/\/aplicacao.rio.br\/vilamilitar\/institucional\/missao-visao-e-valores\/\">Conhe\u00e7a nossa Miss\u00e3o,Vis\u00e3o e Valores<\/a><\/h5>\n<\/div>\n<\/article>\n<\/div>\n<\/div>\n<\/div>\n<p><!--\n\n\n\n\n\n\n\n\n\n\n\n\n\n\n\n\n\n\n\n\n\n\n\n\n\n\n\n\n\n<h3 class=\"underline paddingbottom\">Cursos<\/h3>\n\n\n\n\n\n\n\n\n\n\n\n\n\n\n\n\n\n\n\n\n\n\n\n\n\n\n\n\n\n\n\n\n\n\n\n\n\n\n\n\n\n\n\n\n\n\n\n\n\n\n\n\n\n\n\n\n\n\n\n\n<div class=\"box clearfix\" style=\"background: #fff; padding: 0;\">\n\n\n\n\n\n\n\n\n\n\n\n\n\n\n\n\n\n\n\n\n\n\n\n\n\n\n\n\n\n\n<div class=\"shortcode post archive grid two-column\">\n\n\n\n\n\n\n\n\n\n\n\n\n\n\n\n\n\n\n\n\n\n\n\n\n\n\n\n\n\n\n<div class=\"grid-row linearise\">\n\n\n\n\n\n\n\n\n\n\n\n\n\n\n\n\n\n\n\n\n\n\n\n\n\n\n\n\n\n\n<div class=\"grid-item one-half\">\n\n\n\n\n\n\n\n\n\n\n\n\n\n\n\n\n\n\n\n\n\n\n\n\n\n\n\n\n\n\n<article class=\"unboxed\"><a href=\"http:\/\/aplicacao.rio.br\/vilamilitar\/cursos\/educacao-infantil\/\"><img decoding=\"async\" class=\"img-responsive img-thumbnail img-hover-overlay\" src=\"http:\/\/www.aplicacao.rio.br\/vilamilitar\/wp-content\/uploads\/2021\/03\/ed_infantil-1.jpg\"><\/a>\n\n\n\n\n\n\n\n\n\n\n\n\n\n\n\n\n\n\n\n\n\n\n\n\n\n\n\n\n\n\n\n\n\n\n<div class=\"content\">\n\n\n\n\n\n\n\n\n\n\n\n\n\n\n\n\n\n\n\n\n\n\n\n\n\n\n\n\n\n\n<h5 class=\"title text-center\"><a href=\"http:\/\/aplicacao.rio.br\/vilamilitar\/cursos\/educacao-infantil\/\">Educa\u00e7\u00e3o Infantil<\/a><\/h5>\n\n\n\n\n\n\n\n\n\n\n\n\n\n\n\n\n\n\n\n\n\n\n\n\n\n\n\n\n\n\n\n\n\n\n\n<\/div>\n\n\n\n\n\n\n\n\n\n\n\n\n\n\n\n\n\n\n\n\n\n\n\n\n\n\n\n\n\n\n<\/article>\n\n\n\n\n\n\n\n\n\n\n\n\n\n\n\n\n\n\n\n\n\n\n\n\n\n\n\n\n\n\n<\/div>\n\n\n\n\n\n\n\n\n\n\n\n\n\n\n\n\n\n\n\n\n\n\n\n\n\n\n\n\n\n\n\n\n\n\n\n\n\n\n\n\n\n\n\n\n\n\n\n\n\n\n\n\n\n\n\n\n\n\n\n\n<div class=\"grid-item one-half\">\n\n\n\n\n\n\n\n\n\n\n\n\n\n\n\n\n\n\n\n\n\n\n\n\n\n\n\n\n\n\n<article class=\"unboxed\"><a href=\"http:\/\/aplicacao.rio.br\/vilamilitar\/cursos\/ensino-fundamental\/\"><img decoding=\"async\" class=\"img-responsive img-thumbnail img-hover-overlay\" src=\"http:\/\/www.aplicacao.rio.br\/vilamilitar\/wp-content\/uploads\/2021\/03\/ensino_fundamental-1.jpg\"><\/a>\n\n\n\n\n\n\n\n\n\n\n\n\n\n\n\n\n\n\n\n\n\n\n\n\n\n\n\n\n\n\n\n\n\n\n<div class=\"content\">\n\n\n\n\n\n\n\n\n\n\n\n\n\n\n\n\n\n\n\n\n\n\n\n\n\n\n\n\n\n\n<h5 class=\"title text-center\"><a href=\"http:\/\/aplicacao.rio.br\/vilamilitar\/cursos\/ensino-fundamental\/\">Ensino Fundamental<\/a><\/h5>\n\n\n\n\n\n\n\n\n\n\n\n\n\n\n\n\n\n\n\n\n\n\n\n\n\n\n\n\n\n\n\n\n\n\n\n<\/div>\n\n\n\n\n\n\n\n\n\n\n\n\n\n\n\n\n\n\n\n\n\n\n\n\n\n\n\n\n\n\n<\/article>\n\n\n\n\n\n\n\n\n\n\n\n\n\n\n\n\n\n\n\n\n\n\n\n\n\n\n\n\n\n\n<\/div>\n\n\n\n\n\n\n\n\n\n\n\n\n\n\n\n\n\n\n\n\n\n\n\n\n\n\n\n\n\n\n\n\n\n\n\n\n\n\n\n\n\n\n\n\n\n\n\n\n\n\n\n\n\n\n\n\n\n\n\n\n<div class=\"grid-item one-half\">\n\n\n\n\n\n\n\n\n\n\n\n\n\n\n\n\n\n\n\n\n\n\n\n\n\n\n\n\n\n\n<article class=\"unboxed\"><a href=\"http:\/\/aplicacao.rio.br\/vilamilitar\/cursos\/ensino-medio\/\"><img decoding=\"async\" class=\"img-responsive img-thumbnail img-hover-overlay\" src=\"http:\/\/www.aplicacao.rio.br\/vilamilitar\/wp-content\/uploads\/2021\/03\/ensino_medio-1.jpg\"><\/a>\n\n\n\n\n\n\n\n\n\n\n\n\n\n\n\n\n\n\n\n\n\n\n\n\n\n\n\n\n\n\n\n\n\n\n<div class=\"content\">\n\n\n\n\n\n\n\n\n\n\n\n\n\n\n\n\n\n\n\n\n\n\n\n\n\n\n\n\n\n\n<h5 class=\"title text-center\"><a href=\"http:\/\/aplicacao.rio.br\/vilamilitar\/cursos\/ensino-medio\/\">Ensino M\u00e9dio<\/a><\/h5>\n\n\n\n\n\n\n\n\n\n\n\n\n\n\n\n\n\n\n\n\n\n\n\n\n\n\n\n\n\n\n\n\n\n\n\n<\/div>\n\n\n\n\n\n\n\n\n\n\n\n\n\n\n\n\n\n\n\n\n\n\n\n\n\n\n\n\n\n\n<\/article>\n\n\n\n\n\n\n\n\n\n\n\n\n\n\n\n\n\n\n\n\n\n\n\n\n\n\n\n\n\n\n<\/div>\n\n\n\n\n\n\n\n\n\n\n\n\n\n\n\n\n\n\n\n\n\n\n\n\n\n\n\n\n\n\n<\/div>\n\n\n\n\n\n\n\n\n\n\n\n\n\n\n\n\n\n\n\n\n\n\n\n\n\n\n\n\n\n\n<\/div>\n\n\n\n\n\n\n\n\n\n\n\n\n\n\n\n\n\n\n\n\n\n\n\n\n\n\n\n\n\n--><\/p>\n\n\n<p><\/p>\n","protected":false},"excerpt":{"rendered":"<p>Destaques Educa\u00e7\u00e3o Infantil (Manh\u00e3 e Tarde) Ensino Fundamental (Manh\u00e3 e Tarde) Ensino M\u00e9dio Veja aqui os eventos e atividades realizadas por nossos alunos Determina\u00e7\u00e3o por qualidade \u00a0 Lista de Materiais \u00a0 Institucional Um novo col\u00e9gio com mais de 40 anos de tradi\u00e7\u00e3o Conhe\u00e7a nossa Miss\u00e3o,Vis\u00e3o e Valores<\/p>\n","protected":false},"author":4918,"featured_media":0,"parent":0,"menu_order":0,"comment_status":"closed","ping_status":"closed","template":"","meta":{"footnotes":"","_links_to":"","_links_to_target":""},"class_list":["post-4","page","type-page","status-publish","hentry"],"_links":{"self":[{"href":"https:\/\/aplicacao.rio.br\/vilamilitar\/wp-json\/wp\/v2\/pages\/4","targetHints":{"allow":["GET"]}}],"collection":[{"href":"https:\/\/aplicacao.rio.br\/vilamilitar\/wp-json\/wp\/v2\/pages"}],"about":[{"href":"https:\/\/aplicacao.rio.br\/vilamilitar\/wp-json\/wp\/v2\/types\/page"}],"author":[{"embeddable":true,"href":"https:\/\/aplicacao.rio.br\/vilamilitar\/wp-json\/wp\/v2\/users\/4918"}],"replies":[{"embeddable":true,"href":"https:\/\/aplicacao.rio.br\/vilamilitar\/wp-json\/wp\/v2\/comments?post=4"}],"version-history":[{"count":281,"href":"https:\/\/aplicacao.rio.br\/vilamilitar\/wp-json\/wp\/v2\/pages\/4\/revisions"}],"predecessor-version":[{"id":27365,"href":"https:\/\/aplicacao.rio.br\/vilamilitar\/wp-json\/wp\/v2\/pages\/4\/revisions\/27365"}],"wp:attachment":[{"href":"https:\/\/aplicacao.rio.br\/vilamilitar\/wp-json\/wp\/v2\/media?parent=4"}],"curies":[{"name":"wp","href":"https:\/\/api.w.org\/{rel}","templated":true}]}}