{"id":834,"date":"2013-08-07T16:00:49","date_gmt":"2013-08-07T16:00:49","guid":{"rendered":"http:\/\/aplicacao.rio.institucional.ws\/?page_id=834"},"modified":"2020-01-08T16:15:48","modified_gmt":"2020-01-08T16:15:48","slug":"ensino-medio","status":"publish","type":"page","link":"https:\/\/aplicacao.rio.br\/taquara\/cursos\/ensino-medio\/","title":{"rendered":"Ensino M\u00e9dio"},"content":{"rendered":"<h3 align=\"center\"><img loading=\"lazy\" decoding=\"async\" class=\"img-responsive alignnone wp-image-15392 size-full\" src=\"https:\/\/aplicacao.rio.br\/taquara\/wp-content\/uploads\/2019\/10\/topo_em.png\" alt=\"\" width=\"1000\" height=\"305\" srcset=\"https:\/\/aplicacao.rio.br\/taquara\/wp-content\/uploads\/2019\/10\/topo_em.png 1000w, https:\/\/aplicacao.rio.br\/taquara\/wp-content\/uploads\/2019\/10\/topo_em-300x92.png 300w, https:\/\/aplicacao.rio.br\/taquara\/wp-content\/uploads\/2019\/10\/topo_em-768x234.png 768w\" sizes=\"auto, (max-width: 1000px) 100vw, 1000px\" \/><\/h3>\n<h3><span style=\"color: #008080;\"><span style=\"color: #ffffff;\">\u2022<\/span><\/span><\/h3>\n<h3><span style=\"color: #008080;\">Ensino M\u00e9dio<\/span><\/h3>\n<h3><strong><span style=\"color: #ffffff;\">\u2022<\/span><\/strong><\/h3>\n<h3><strong>Simulados peri\u00f3dicos de \u00e2mbito nacional&nbsp;<\/strong><\/h3>\n<p>Mais de 10 simulados, com corre\u00e7\u00e3o comentada&nbsp;atrav\u00e9s de videoaulas, no sistema&nbsp;T.R.I.<\/p>\n<p><span style=\"color: #ffffff;\">\u2022<\/span><\/p>\n<h3><strong>Oficina de Reda\u00e7\u00e3o&nbsp;<\/strong><\/h3>\n<p>Carga hor\u00e1ria dobrada com a melhor equipe de reda\u00e7\u00e3o do Rio de Janeiro.<\/p>\n<p><span style=\"color: #ffffff;\">\u2022<\/span><\/p>\n<h3><strong>Aul\u00f5es interdisciplinares&nbsp;<\/strong><\/h3>\n<p>Com professores altamente qualificados e convidados.<\/p>\n<p><span style=\"color: #ffffff;\">\u2022<\/span><\/p>\n<h3><strong>Plataforma digital com jogos, simuladores e videoaulas<\/strong><\/h3>\n<p><span style=\"color: #ffffff;\">\u2022<\/span><br \/>\n<!-- FORMUL\u00c1RIO DE D\u00daVIDAS --><\/p>\n<h3><strong>Professores especializados em ENEM&nbsp;<\/strong><\/h3>\n<p>Temos os mais renomados professores, com vasta experi\u00eancia na prepara\u00e7\u00e3o para o ENEM e participa\u00e7\u00e3o nas mais importantes plataformas online, como ProEnem, QG do Enem, Descomplica, GeoBrasil, entre outros.<\/p>\n<p>Rodrigo Rodrigues &#8211; Canal GEOBRASIL<\/p>\n<p>Romulo Bolivar &#8211; TV Escola Elaine Sim\u00f5es &#8211; Mestre em Letras<\/p>\n<p>Priscila Melo &#8211; Mestre em Estat\u00edstica<\/p>\n<p>Roberta Perroni &#8211; Doutora em Biodiesel<\/p>\n<p>Rodrigo Alberoni &#8211; P\u00f3s-graduado em Filosofia<\/p>\n<p>Vinicio Bello &#8211; Mestre em Biologia<\/p>\n<p>Artur Neto &#8211; Canal ProEnem<\/p>\n<p>Diego Viug &#8211; Doutor em Matem\u00e1tica e Canal ProEnem<\/p>\n<p>Jaqueline R\u00e9gis &#8211; Mestre em Engenharia Qu\u00edmica<\/p>\n<p>Marc\u00e3o &#8211; P\u00f3s-graduado em Matem\u00e1tica<\/p>\n<p>Juarez J\u00fanior &#8211; P\u00f3s-graduado em Geografia<\/p>\n<p>Tiago Dantas &#8211; Especialista em Vestibular \/ ENEM<\/p>\n<p>Raul Jamel &#8211; Mestre em Rob\u00f3tica<\/p>\n<p><span style=\"color: #ffffff;\">\u2022<\/span><\/p>\n<div class=\"col-md-12\"><\/div>\n<div align=\"center\"><img loading=\"lazy\" decoding=\"async\" width=\"665\" height=\"190\" class=\"alignnone size-full wp-image-2747 img-responsive\" src=\"https:\/\/aplicacao.rio.br\/taquara\/wp-content\/uploads\/2014\/08\/banner_descontos_cca.png\" alt=\"banner_descontos_cca\" srcset=\"https:\/\/aplicacao.rio.br\/taquara\/wp-content\/uploads\/2014\/08\/banner_descontos_cca.png 665w, https:\/\/aplicacao.rio.br\/taquara\/wp-content\/uploads\/2014\/08\/banner_descontos_cca-300x85.png 300w\" sizes=\"auto, (max-width: 665px) 100vw, 665px\" \/><\/div>\n<p><!-- LISTA DE MATERIAL - ENSINO MEDIO --><\/p>\n<div class=\"topo-titulo\">\n<h3>Lista de Material 2020<\/h3>\n<\/div>\n<div style=\"width: 100%; height: auto; border: 1px solid #33cccc; margin-top: 10px; padding: 15px;\">\n<table border=\"0\">\n<tbody>\n<tr>\n<td>Ensino M\u00e9dio<\/td>\n<\/tr>\n<tr>\n<td><a class=\"button\" style=\"width: 100%;\" href=\"https:\/\/aplicacao.rio.br\/taquara\/wp-content\/uploads\/2020\/01\/medio\/lista_cca_jpa_1serie.pdf\" target=\"_blank\" rel=\"noopener noreferrer\"><strong>1\u00aa S\u00e9rie<\/strong><\/a><\/td>\n<td><a class=\"button\" style=\"width: 100%;\" href=\"https:\/\/aplicacao.rio.br\/taquara\/wp-content\/uploads\/2020\/01\/medio\/lista_cca_jpa_2serie.pdf\" target=\"_blank\" rel=\"noopener noreferrer\"><strong>2\u00aa S\u00e9rie<\/strong><\/a><\/td>\n<td><a class=\"button\" style=\"width: 100%;\" href=\"https:\/\/aplicacao.rio.br\/taquara\/wp-content\/uploads\/2020\/01\/medio\/lista_cca_jpa_3serie.pdf\" target=\"_blank\" rel=\"noopener noreferrer\"><strong>3\u00aa S\u00e9rie<\/strong><\/a><\/td>\n<\/tr>\n<\/tbody>\n<\/table>\n<\/div>\n","protected":false},"excerpt":{"rendered":"<p>\u2022 Ensino M\u00e9dio \u2022 Simulados peri\u00f3dicos de \u00e2mbito nacional&nbsp; Mais de 10 simulados, com corre\u00e7\u00e3o comentada&nbsp;atrav\u00e9s de videoaulas, no sistema&nbsp;T.R.I. \u2022 Oficina de Reda\u00e7\u00e3o&nbsp; Carga hor\u00e1ria dobrada com a melhor equipe de reda\u00e7\u00e3o do Rio de Janeiro. \u2022 Aul\u00f5es interdisciplinares&nbsp; Com professores altamente qualificados e convidados. \u2022 Plataforma digital com jogos, simuladores e videoaulas \u2022 Professores especializados em ENEM&nbsp; Temos os mais renomados professores, com vasta experi\u00eancia na prepara\u00e7\u00e3o para&hellip;<\/p>\n","protected":false},"author":4916,"featured_media":0,"parent":522,"menu_order":0,"comment_status":"closed","ping_status":"closed","template":"","meta":{"footnotes":"","_links_to":"","_links_to_target":""},"class_list":["post-834","page","type-page","status-publish","hentry"],"_links":{"self":[{"href":"https:\/\/aplicacao.rio.br\/taquara\/wp-json\/wp\/v2\/pages\/834","targetHints":{"allow":["GET"]}}],"collection":[{"href":"https:\/\/aplicacao.rio.br\/taquara\/wp-json\/wp\/v2\/pages"}],"about":[{"href":"https:\/\/aplicacao.rio.br\/taquara\/wp-json\/wp\/v2\/types\/page"}],"author":[{"embeddable":true,"href":"https:\/\/aplicacao.rio.br\/taquara\/wp-json\/wp\/v2\/users\/4916"}],"replies":[{"embeddable":true,"href":"https:\/\/aplicacao.rio.br\/taquara\/wp-json\/wp\/v2\/comments?post=834"}],"version-history":[{"count":54,"href":"https:\/\/aplicacao.rio.br\/taquara\/wp-json\/wp\/v2\/pages\/834\/revisions"}],"predecessor-version":[{"id":15943,"href":"https:\/\/aplicacao.rio.br\/taquara\/wp-json\/wp\/v2\/pages\/834\/revisions\/15943"}],"up":[{"embeddable":true,"href":"https:\/\/aplicacao.rio.br\/taquara\/wp-json\/wp\/v2\/pages\/522"}],"wp:attachment":[{"href":"https:\/\/aplicacao.rio.br\/taquara\/wp-json\/wp\/v2\/media?parent=834"}],"curies":[{"name":"wp","href":"https:\/\/api.w.org\/{rel}","templated":true}]}}