{"id":829,"date":"2013-08-07T15:56:05","date_gmt":"2013-08-07T15:56:05","guid":{"rendered":"http:\/\/aplicacao.rio.institucional.ws\/?page_id=829"},"modified":"2020-01-08T16:21:39","modified_gmt":"2020-01-08T16:21:39","slug":"ensino-fundamental","status":"publish","type":"page","link":"https:\/\/aplicacao.rio.br\/taquara\/cursos\/ensino-fundamental\/","title":{"rendered":"Ensino Fundamental I e II"},"content":{"rendered":"<h3 align=\"center\"><span style=\"color: #008080;\"><img loading=\"lazy\" decoding=\"async\" class=\"img-responsive alignnone wp-image-15387 size-full\" src=\"https:\/\/aplicacao.rio.br\/taquara\/wp-content\/uploads\/2019\/10\/fund_topo.png\" alt=\"\" width=\"1000\" height=\"667\" srcset=\"https:\/\/aplicacao.rio.br\/taquara\/wp-content\/uploads\/2019\/10\/fund_topo.png 1000w, https:\/\/aplicacao.rio.br\/taquara\/wp-content\/uploads\/2019\/10\/fund_topo-300x200.png 300w, https:\/\/aplicacao.rio.br\/taquara\/wp-content\/uploads\/2019\/10\/fund_topo-768x512.png 768w\" sizes=\"auto, (max-width: 1000px) 100vw, 1000px\" \/><\/span><\/h3>\n<h3><span style=\"color: #ffffff;\">\u2022<\/span><\/h3>\n<h3><span style=\"color: #008080;\">Ensino Fundamental I e II<br \/>\n<\/span><\/h3>\n<h3><span style=\"color: #ffffff;\"><strong>\u2022<\/strong><\/span><\/h3>\n<h3><strong>Aprender a Pensar&nbsp;<\/strong><\/h3>\n<p>Desenvolve estrat\u00e9gias de pensamento para que os alunos aprendam com curiosidade, motiva\u00e7\u00e3o e rigor, a fim de se tornarem pensadores e aprendizes eficazes.<\/p>\n<p><span style=\"color: #ffffff;\">\u2022<\/span><\/p>\n<h3><strong>Aprender a Ser&nbsp;<\/strong><\/h3>\n<p>Os alunos s\u00e3o convidados a desenvolver um trabalho integral sobre a experi\u00eancia emocional. Eles aprendem a identificar sentimentos, \u00e2nimos, emo\u00e7\u00f5es e atitudes que promovem o seu bem-estar, autocontrole, sociabilidade e intelig\u00eancia emocional.<br \/>\n<!-- FORMUL\u00c1RIO DE D\u00daVIDAS --><\/p>\n<p><span style=\"color: #ffffff;\">\u2022<\/span><\/p>\n<h3><strong>TRAJETOi \/ PROJETOi&nbsp;<\/strong><\/h3>\n<p>Os conte\u00fados das diversas disciplinas s\u00e3o trabalhados de forma interdisciplinar e culminam na execu\u00e7\u00e3o de projetos no nosso Laborat\u00f3rio STEAM.<\/p>\n<p><span style=\"color: #ffffff;\">\u2022<\/span><\/p>\n<h3><strong>Turing<\/strong><\/h3>\n<p>O objetivo \u00e9 entender e colocar em pr\u00e1tica a l\u00f3gica de programa\u00e7\u00e3o. Por meio de atividades e projetos, os alunos desenvolvem tanto o racioc\u00ednio quanto o pensamento l\u00f3gico.<\/p>\n<p><span style=\"color: #ffffff;\">\u2022<\/span><\/p>\n<h3><strong>Livro da Fam\u00edlia&nbsp;<\/strong><\/h3>\n<p>Importante ferramenta que permite aos pais caminharem junto com a escola, em parceria, apoiando-se mutuamente.<\/p>\n<p><span style=\"color: #ffffff;\">\u2022<\/span><\/p>\n<h3><strong>Simulados<\/strong><\/h3>\n<p>De olho no ENEM, os simulados t\u00eam por objetivo familiarizar os alunos ao ambiente de prova.<\/p>\n<p><span style=\"color: #ffffff;\">\u2022<\/span><\/p>\n<h3><\/h3>\n<div class=\"col-md-12\"><\/div>\n<div align=\"center\"><img loading=\"lazy\" decoding=\"async\" class=\"alignnone size-full wp-image-2747\" src=\"https:\/\/aplicacao.rio.br\/taquara\/wp-content\/uploads\/2014\/08\/banner_descontos_cca.png\" alt=\"banner_descontos_cca\" width=\"665\" height=\"190\" srcset=\"https:\/\/aplicacao.rio.br\/taquara\/wp-content\/uploads\/2014\/08\/banner_descontos_cca.png 665w, https:\/\/aplicacao.rio.br\/taquara\/wp-content\/uploads\/2014\/08\/banner_descontos_cca-300x85.png 300w\" sizes=\"auto, (max-width: 665px) 100vw, 665px\" \/><\/div>\n<p><!-- LISTA DE MATERIAL --><\/p>\n<div class=\"topo-titulo\">\n<h3>Lista de Material 2020<\/h3>\n<\/div>\n<p><!-- FUNDAMENTAL II --><\/p>\n<div style=\"width: 100%; height: auto; border: 1px solid #33cccc; margin-top: 10px; padding: 15px;\">\n<table border=\"0\">\n<tbody>\n<tr>\n<td>Ensino Fundamental I<\/td>\n<\/tr>\n<tr>\n<td width=\"20%\"><a class=\"button\" style=\"width: 100%;\" href=\"https:\/\/aplicacao.rio.br\/taquara\/wp-content\/uploads\/2020\/01\/fundamental\/lista_cca_jpa_1ano.pdf\" target=\"_blank\" rel=\"noopener noreferrer\"><strong>1\u00ba Ano<\/strong><\/a><\/td>\n<td width=\"20%\"><a class=\"button\" style=\"width: 100%;\" href=\"https:\/\/aplicacao.rio.br\/taquara\/wp-content\/uploads\/2020\/01\/fundamental\/lista_cca_jpa_2ano.pdf\" target=\"_blank\" rel=\"noopener noreferrer\"><strong>2\u00ba Ano<\/strong><\/a><\/td>\n<td width=\"20%\"><a class=\"button\" style=\"width: 100%;\" href=\"https:\/\/aplicacao.rio.br\/taquara\/wp-content\/uploads\/2020\/01\/fundamental\/lista_cca_jpa_3ano.pdf\" target=\"_blank\" rel=\"noopener noreferrer\"><strong>3\u00ba Ano<\/strong><\/a><\/td>\n<td width=\"20%\"><a class=\"button\" style=\"width: 100%;\" href=\"https:\/\/aplicacao.rio.br\/taquara\/wp-content\/uploads\/2020\/01\/fundamental\/lista_cca_jpa_4ano.pdf\" target=\"_blank\" rel=\"noopener noreferrer\"><strong>4\u00ba Ano<\/strong><\/a><\/td>\n<td width=\"20%\"><a class=\"button\" style=\"width: 100%;\" href=\"https:\/\/aplicacao.rio.br\/taquara\/wp-content\/uploads\/2020\/01\/fundamental\/lista_cca_jpa_5ano.pdf\" target=\"_blank\" rel=\"noopener noreferrer\"><strong>5\u00ba Ano<\/strong><\/a><\/td>\n<\/tr>\n<\/tbody>\n<\/table>\n<\/div>\n<p><!-- FUNDAMENTAL II --><\/p>\n<div style=\"width: 100%; height: auto; border: 1px solid #33cccc; margin-top: 10px; padding: 15px;\">\n<table border=\"0\">\n<tbody>\n<tr>\n<td>Ensino Fundamental II<\/td>\n<\/tr>\n<tr>\n<td width=\"25%\"><a class=\"button\" style=\"width: 100%;\" href=\"https:\/\/aplicacao.rio.br\/taquara\/wp-content\/uploads\/2020\/01\/fundamental\/lista_cca_jpa_6ano.pdf\" target=\"_blank\" rel=\"noopener noreferrer\"><strong>6\u00ba Ano<\/strong><\/a><\/td>\n<td width=\"25%\"><a class=\"button\" style=\"width: 100%;\" href=\"https:\/\/aplicacao.rio.br\/taquara\/wp-content\/uploads\/2020\/01\/fundamental\/lista_cca_jpa_7ano.pdf\" target=\"_blank\" rel=\"noopener noreferrer\"><strong>7\u00ba Ano<\/strong><\/a><\/td>\n<td width=\"25%\"><a class=\"button\" style=\"width: 100%;\" href=\"https:\/\/aplicacao.rio.br\/taquara\/wp-content\/uploads\/2020\/01\/fundamental\/lista_cca_jpa_8ano.pdf\" target=\"_blank\" rel=\"noopener noreferrer\"><strong>8\u00ba Ano<\/strong><\/a><\/td>\n<td width=\"25%\"><a class=\"button\" style=\"width: 100%;\" href=\"https:\/\/aplicacao.rio.br\/taquara\/wp-content\/uploads\/2020\/01\/fundamental\/lista_cca_jpa_9ano.pdf\" target=\"_blank\" rel=\"noopener noreferrer\"><strong>9\u00ba Ano<\/strong><\/a><\/td>\n<\/tr>\n<\/tbody>\n<\/table>\n<\/div>\n","protected":false},"excerpt":{"rendered":"<p>\u2022 Ensino Fundamental I e II \u2022 Aprender a Pensar&nbsp; Desenvolve estrat\u00e9gias de pensamento para que os alunos aprendam com curiosidade, motiva\u00e7\u00e3o e rigor, a fim de se tornarem pensadores e aprendizes eficazes. \u2022 Aprender a Ser&nbsp; Os alunos s\u00e3o convidados a desenvolver um trabalho integral sobre a experi\u00eancia emocional. Eles aprendem a identificar sentimentos, \u00e2nimos, emo\u00e7\u00f5es e atitudes que promovem o seu bem-estar, autocontrole, sociabilidade e intelig\u00eancia emocional. \u2022&hellip;<\/p>\n","protected":false},"author":4916,"featured_media":0,"parent":522,"menu_order":0,"comment_status":"closed","ping_status":"closed","template":"","meta":{"footnotes":"","_links_to":"","_links_to_target":""},"class_list":["post-829","page","type-page","status-publish","hentry"],"_links":{"self":[{"href":"https:\/\/aplicacao.rio.br\/taquara\/wp-json\/wp\/v2\/pages\/829","targetHints":{"allow":["GET"]}}],"collection":[{"href":"https:\/\/aplicacao.rio.br\/taquara\/wp-json\/wp\/v2\/pages"}],"about":[{"href":"https:\/\/aplicacao.rio.br\/taquara\/wp-json\/wp\/v2\/types\/page"}],"author":[{"embeddable":true,"href":"https:\/\/aplicacao.rio.br\/taquara\/wp-json\/wp\/v2\/users\/4916"}],"replies":[{"embeddable":true,"href":"https:\/\/aplicacao.rio.br\/taquara\/wp-json\/wp\/v2\/comments?post=829"}],"version-history":[{"count":120,"href":"https:\/\/aplicacao.rio.br\/taquara\/wp-json\/wp\/v2\/pages\/829\/revisions"}],"predecessor-version":[{"id":15944,"href":"https:\/\/aplicacao.rio.br\/taquara\/wp-json\/wp\/v2\/pages\/829\/revisions\/15944"}],"up":[{"embeddable":true,"href":"https:\/\/aplicacao.rio.br\/taquara\/wp-json\/wp\/v2\/pages\/522"}],"wp:attachment":[{"href":"https:\/\/aplicacao.rio.br\/taquara\/wp-json\/wp\/v2\/media?parent=829"}],"curies":[{"name":"wp","href":"https:\/\/api.w.org\/{rel}","templated":true}]}}