{"id":740,"date":"2013-08-06T17:55:13","date_gmt":"2013-08-06T17:55:13","guid":{"rendered":"http:\/\/aplicacao.rio.institucional.ws\/?page_id=740"},"modified":"2015-07-06T20:11:45","modified_gmt":"2015-07-06T20:11:45","slug":"palavras-do-diretor","status":"publish","type":"page","link":"https:\/\/aplicacao.rio.br\/taquara\/institucional\/palavras-do-diretor\/","title":{"rendered":"Palavra do Diretor"},"content":{"rendered":"<header><img decoding=\"async\" alt=\"Palavras do diretor\" src=\"https:\/\/aplicacao.rio.br\/taquara\/wp-content\/uploads\/2013\/08\/prof_antonio_peq.jpg\" \/><\/header>\n<p>&nbsp;<\/p>\n<p><span style=\"color: #008080;\"><strong>\u00c9 tempo de ajustar as velas e direcionar, com entusiasmo, novas possibilidades para as novas gera\u00e7\u00f5es.<\/strong><\/span><\/p>\n<p>Nossa caminhada de seis d\u00e9cadas na educa\u00e7\u00e3o trouxe maturidade, tradi\u00e7\u00e3o e coragem para inovar no campo da forma\u00e7\u00e3o, dos valores e da cidadania. Uma experi\u00eancia que se coloca \u00e0 disposi\u00e7\u00e3o para bem atender as demandas de nossa realidade que se quer de transforma\u00e7\u00e3o para o melhor.<\/p>\n<p>Dizemos n\u00e3o ao pessimismo que inibe a\u00e7\u00f5es promissoras, n\u00e3o ao ego\u00edsmo e \u00e0 intoler\u00e2ncia.<\/p>\n<p>Dizemos sim \u00e0 esperan\u00e7a do verbo esperan\u00e7ar, de fazer acontecer, pois acreditamos no ser humano em evolu\u00e7\u00e3o, em busca da perfectibilidade.<\/p>\n<p><span style=\"color: #008080;\"><strong>Acreditamos no potencial de cada indiv\u00edduo que \u00e9 digno de nosso incentivo, de nosso impulso para aprender, para ser, para fazer e conviver.<\/strong><\/span><\/p>\n<p>As pessoas que agem e acreditam na semeadura da boa semente s\u00e3o, de fato, sujeitos de amor, de cidadania, de nova \u00e9tica para uma sociedade que se quer justa, solid\u00e1ria e mais humana.<\/p>\n<p>O Col\u00e9gio e Curso Aplica\u00e7\u00e3o nasce para diferenciar em acolhida e em excel\u00eancia. Com uma a\u00e7\u00e3o did\u00e1tica e pedag\u00f3gica de compromisso com a vida em plenitude, traz uma educa\u00e7\u00e3o que desperta em cada ser humano o seu melhor poss\u00edvel.<\/p>\n<p>Temos a fam\u00edlia como nossa aliada. Com prop\u00f3sitos elevados a favor da cultura, do aprendizado, da disciplina e dos valores, buscaremos os melhores caminhos para atingirmos nossos objetivos e metas pela educa\u00e7\u00e3o de qualidade para os filhos, alunos.<\/p>\n<p>Voc\u00ea \u00e9 o nosso convidado especial e, por isso mesmo, essa caminhada continua e vai construindo, a cada li\u00e7\u00e3o, novos valores, novas criaturas no reino de f\u00e9, de esperan\u00e7a e de amor pela vida e pela sociedade brasileira.<\/p>\n<p><strong><span style=\"color: #008080;\">Seja muito bem-vindo! Aqui voc\u00ea tem lugar para participar e crescer.<\/span><\/strong><\/p>\n<p align=\"right\"><i>Reitor Prof. Ant\u00f4nio Jos\u00e9 Zaib<\/i><\/p>\n","protected":false},"excerpt":{"rendered":"<p>&nbsp; \u00c9 tempo de ajustar as velas e direcionar, com entusiasmo, novas possibilidades para as novas gera\u00e7\u00f5es. Nossa caminhada de seis d\u00e9cadas na educa\u00e7\u00e3o trouxe maturidade, tradi\u00e7\u00e3o e coragem para inovar no campo da forma\u00e7\u00e3o, dos valores e da cidadania. Uma experi\u00eancia que se coloca \u00e0 disposi\u00e7\u00e3o para bem atender as demandas de nossa realidade que se quer de transforma\u00e7\u00e3o para o melhor. Dizemos n\u00e3o ao pessimismo que inibe a\u00e7\u00f5es&hellip;<\/p>\n","protected":false},"author":4916,"featured_media":0,"parent":516,"menu_order":0,"comment_status":"closed","ping_status":"closed","template":"","meta":{"footnotes":"","_links_to":"","_links_to_target":""},"class_list":["post-740","page","type-page","status-publish","hentry"],"_links":{"self":[{"href":"https:\/\/aplicacao.rio.br\/taquara\/wp-json\/wp\/v2\/pages\/740","targetHints":{"allow":["GET"]}}],"collection":[{"href":"https:\/\/aplicacao.rio.br\/taquara\/wp-json\/wp\/v2\/pages"}],"about":[{"href":"https:\/\/aplicacao.rio.br\/taquara\/wp-json\/wp\/v2\/types\/page"}],"author":[{"embeddable":true,"href":"https:\/\/aplicacao.rio.br\/taquara\/wp-json\/wp\/v2\/users\/4916"}],"replies":[{"embeddable":true,"href":"https:\/\/aplicacao.rio.br\/taquara\/wp-json\/wp\/v2\/comments?post=740"}],"version-history":[{"count":29,"href":"https:\/\/aplicacao.rio.br\/taquara\/wp-json\/wp\/v2\/pages\/740\/revisions"}],"predecessor-version":[{"id":7896,"href":"https:\/\/aplicacao.rio.br\/taquara\/wp-json\/wp\/v2\/pages\/740\/revisions\/7896"}],"up":[{"embeddable":true,"href":"https:\/\/aplicacao.rio.br\/taquara\/wp-json\/wp\/v2\/pages\/516"}],"wp:attachment":[{"href":"https:\/\/aplicacao.rio.br\/taquara\/wp-json\/wp\/v2\/media?parent=740"}],"curies":[{"name":"wp","href":"https:\/\/api.w.org\/{rel}","templated":true}]}}