{"id":548,"date":"2013-07-11T20:54:29","date_gmt":"2013-07-11T20:54:29","guid":{"rendered":"http:\/\/aplicacao.rio.institucional.ws\/?page_id=548"},"modified":"2019-08-26T18:21:41","modified_gmt":"2019-08-26T18:21:41","slug":"parcerias","status":"publish","type":"page","link":"https:\/\/aplicacao.rio.br\/taquara\/institucional\/parcerias\/","title":{"rendered":"Parcerias"},"content":{"rendered":"<h2 class=\"h1\">Ajudando nossos alunos a ir al\u00e9m<\/h2>\n<h4><img loading=\"lazy\" decoding=\"async\" class=\"alignnone wp-image-15124 size-full\" style=\"margin: 0px;\" src=\"https:\/\/aplicacao.rio.br\/taquara\/wp-content\/uploads\/2019\/08\/logo_unisj-1.png\" alt=\"\" width=\"200\" height=\"60\" \/><\/h4>\n<p>O Col\u00e9gio e Curso Aplica\u00e7\u00e3o \u00e9 conveniado \u00e0s Faculdades S\u00e3o Jos\u00e9, aonde nossos alunos podem estudar com a qualidade dos Cursos de Gradua\u00e7\u00e3o, P\u00f3s-Gradua\u00e7\u00e3o, Mestrado e Extens\u00e3o oferecidos pela UniS\u00e3oJos\u00e9.<\/p>\n<h4><\/h4>\n<h4><a href=\"https:\/\/aplicacao.rio.br\/taquara\/wp-content\/uploads\/2013\/07\/logo_cna.jpg\"><img loading=\"lazy\" decoding=\"async\" class=\"alignnone  wp-image-1026\" style=\"margin: 0px;\" src=\"https:\/\/aplicacao.rio.br\/taquara\/wp-content\/uploads\/2013\/07\/logo_cna.jpg\" alt=\"logo_cna\" width=\"144\" height=\"61\" \/><\/a><\/h4>\n<p>O CNA oferece cursos de ingl\u00eas e espanhol para crian\u00e7as, jovens e adultos, incluindo cursos de conversa\u00e7\u00e3o e especializa\u00e7\u00e3o. Os cursos s\u00e3o elaborados para a pr\u00e1tica das quatro habilidades (oral, auditiva, escrita e leitura).<\/p>\n<p>O Col\u00e9gio e Curso Aplica\u00e7\u00e3o tem parceria exclusivamente nas unidades de Realengo, Bangu, Vila Valqueire e Cascadura.<\/p>\n<h3><span style=\"color: #008080;\"><strong>EMPRESAS CONVENIADAS<\/strong><\/span><\/h3>\n<p>O Col\u00e9gio e Curso Aplica\u00e7\u00e3o est\u00e1 buscando conv\u00eanio com diversas empresas e institui\u00e7\u00f5es no Rio de Janeiro, oferecendo desconto para os filhos dos seus funcion\u00e1rios.<\/p>\n<p>Caso queira que sua empresa seja conveniada com o Col\u00e9gio e Curso Aplica\u00e7\u00e3o, entre em contato pelo e-mail gerenteadm@aplicacao.rio.br ou ligue 3563-8392.<\/p>\n","protected":false},"excerpt":{"rendered":"<p>Ajudando nossos alunos a ir al\u00e9m O Col\u00e9gio e Curso Aplica\u00e7\u00e3o \u00e9 conveniado \u00e0s Faculdades S\u00e3o Jos\u00e9, aonde nossos alunos podem estudar com a qualidade dos Cursos de Gradua\u00e7\u00e3o, P\u00f3s-Gradua\u00e7\u00e3o, Mestrado e Extens\u00e3o oferecidos pela UniS\u00e3oJos\u00e9. O CNA oferece cursos de ingl\u00eas e espanhol para crian\u00e7as, jovens e adultos, incluindo cursos de conversa\u00e7\u00e3o e especializa\u00e7\u00e3o. Os cursos s\u00e3o elaborados para a pr\u00e1tica das quatro habilidades (oral, auditiva, escrita e leitura).&hellip;<\/p>\n","protected":false},"author":4916,"featured_media":0,"parent":516,"menu_order":0,"comment_status":"closed","ping_status":"closed","template":"","meta":{"footnotes":"","_links_to":"","_links_to_target":""},"class_list":["post-548","page","type-page","status-publish","hentry"],"_links":{"self":[{"href":"https:\/\/aplicacao.rio.br\/taquara\/wp-json\/wp\/v2\/pages\/548","targetHints":{"allow":["GET"]}}],"collection":[{"href":"https:\/\/aplicacao.rio.br\/taquara\/wp-json\/wp\/v2\/pages"}],"about":[{"href":"https:\/\/aplicacao.rio.br\/taquara\/wp-json\/wp\/v2\/types\/page"}],"author":[{"embeddable":true,"href":"https:\/\/aplicacao.rio.br\/taquara\/wp-json\/wp\/v2\/users\/4916"}],"replies":[{"embeddable":true,"href":"https:\/\/aplicacao.rio.br\/taquara\/wp-json\/wp\/v2\/comments?post=548"}],"version-history":[{"count":47,"href":"https:\/\/aplicacao.rio.br\/taquara\/wp-json\/wp\/v2\/pages\/548\/revisions"}],"predecessor-version":[{"id":15125,"href":"https:\/\/aplicacao.rio.br\/taquara\/wp-json\/wp\/v2\/pages\/548\/revisions\/15125"}],"up":[{"embeddable":true,"href":"https:\/\/aplicacao.rio.br\/taquara\/wp-json\/wp\/v2\/pages\/516"}],"wp:attachment":[{"href":"https:\/\/aplicacao.rio.br\/taquara\/wp-json\/wp\/v2\/media?parent=548"}],"curies":[{"name":"wp","href":"https:\/\/api.w.org\/{rel}","templated":true}]}}