{"id":546,"date":"2013-07-11T20:54:03","date_gmt":"2013-07-11T20:54:03","guid":{"rendered":"http:\/\/aplicacao.rio.institucional.ws\/?page_id=546"},"modified":"2024-09-09T12:12:07","modified_gmt":"2024-09-09T12:12:07","slug":"missao-visao-e-valores","status":"publish","type":"page","link":"https:\/\/aplicacao.rio.br\/taquara\/institucional\/missao-visao-e-valores\/","title":{"rendered":"Vis\u00e3o, Miss\u00e3o e Valores"},"content":{"rendered":"<h2 class=\"h1\"><img loading=\"lazy\" decoding=\"async\" class=\"alignnone wp-image-17330 size-full\" src=\"https:\/\/aplicacao.rio.br\/taquara\/wp-content\/uploads\/2024\/09\/INTERNO_visao_missao_valores.png\" alt=\"\" width=\"665\" height=\"443\" srcset=\"https:\/\/aplicacao.rio.br\/taquara\/wp-content\/uploads\/2024\/09\/INTERNO_visao_missao_valores.png 665w, https:\/\/aplicacao.rio.br\/taquara\/wp-content\/uploads\/2024\/09\/INTERNO_visao_missao_valores-300x200.png 300w\" sizes=\"auto, (max-width: 665px) 100vw, 665px\" \/><\/h2>\n<h2 class=\"h1\"><\/h2>\n<h2 class=\"h1\">Vis\u00e3o<\/h2>\n<p>Ser a mais completa escola da regi\u00e3o, preparando alunos para o mundo que ainda est\u00e1 por vir, desenvolvendo neles habilidades extraordin\u00e1rias.<\/p>\n<h2 class=\"h1\">Miss\u00e3o<\/h2>\n<p>Oferecer um ambiente acolhedor e facilitador da aprendizagem; com aulas significativas, baseadas na interdisciplinaridade e fundamentadas na produ\u00e7\u00e3o pr\u00e1tica, manual e tecnol\u00f3gica, incentivando o desenvolvimento intelectual do aluno, acentuando seu protagonismo, por meio de atividades desafiadoras e estimulantes para a solu\u00e7\u00e3o de problemas futuros.<\/p>\n<h2 class=\"h1\">Valores<\/h2>\n<p><span style=\"color: #008080;\"><strong>\u2022 Foco no aluno:<\/strong><\/span> Priorizamos solu\u00e7\u00f5es que maximizem o aprendizado, a satisfa\u00e7\u00e3o e a motiva\u00e7\u00e3o dos alunos.<\/p>\n<p><span style=\"color: #008080;\"><strong>\u2022 Gostamos de gente:<\/strong><\/span> Cultivamos um ambiente de trabalho respeitoso com postura \u00e9tica e comunica\u00e7\u00e3o objetiva.<\/p>\n<p><span style=\"color: #008080;\"><strong>\u2022 Brilho nos olhos:<\/strong><\/span> Entusiasmo e paix\u00e3o pelo que fazemos. Encaramos desafios com otimismo e acreditamos no legado que estamos construindo.<\/p>\n<p><span style=\"color: #008080;\"><strong>\u2022 Senso de dono:<\/strong><\/span> Usamos recursos com responsabilidade. Temos disciplina e foco em resultados. Trabalhamos de forma proativa.<\/p>\n<p><span style=\"color: #008080;\"><strong>\u2022 Valoriza\u00e7\u00e3o de pessoas:<\/strong><\/span> Primamos por excel\u00eancia e meritocracia. Proporcionamos oportunidades para que as pessoas cres\u00e7am e sejam reconhecidas conforme seus resultados.<\/p>\n","protected":false},"excerpt":{"rendered":"<p>Vis\u00e3o Ser a mais completa escola da regi\u00e3o, preparando alunos para o mundo que ainda est\u00e1 por vir, desenvolvendo neles habilidades extraordin\u00e1rias. Miss\u00e3o Oferecer um ambiente acolhedor e facilitador da aprendizagem; com aulas significativas, baseadas na interdisciplinaridade e fundamentadas na produ\u00e7\u00e3o pr\u00e1tica, manual e tecnol\u00f3gica, incentivando o desenvolvimento intelectual do aluno, acentuando seu protagonismo, por meio de atividades desafiadoras e estimulantes para a solu\u00e7\u00e3o de problemas futuros. Valores \u2022 Foco&hellip;<\/p>\n","protected":false},"author":4916,"featured_media":0,"parent":516,"menu_order":0,"comment_status":"closed","ping_status":"closed","template":"","meta":{"footnotes":"","_links_to":"","_links_to_target":""},"class_list":["post-546","page","type-page","status-publish","hentry"],"_links":{"self":[{"href":"https:\/\/aplicacao.rio.br\/taquara\/wp-json\/wp\/v2\/pages\/546","targetHints":{"allow":["GET"]}}],"collection":[{"href":"https:\/\/aplicacao.rio.br\/taquara\/wp-json\/wp\/v2\/pages"}],"about":[{"href":"https:\/\/aplicacao.rio.br\/taquara\/wp-json\/wp\/v2\/types\/page"}],"author":[{"embeddable":true,"href":"https:\/\/aplicacao.rio.br\/taquara\/wp-json\/wp\/v2\/users\/4916"}],"replies":[{"embeddable":true,"href":"https:\/\/aplicacao.rio.br\/taquara\/wp-json\/wp\/v2\/comments?post=546"}],"version-history":[{"count":26,"href":"https:\/\/aplicacao.rio.br\/taquara\/wp-json\/wp\/v2\/pages\/546\/revisions"}],"predecessor-version":[{"id":17338,"href":"https:\/\/aplicacao.rio.br\/taquara\/wp-json\/wp\/v2\/pages\/546\/revisions\/17338"}],"up":[{"embeddable":true,"href":"https:\/\/aplicacao.rio.br\/taquara\/wp-json\/wp\/v2\/pages\/516"}],"wp:attachment":[{"href":"https:\/\/aplicacao.rio.br\/taquara\/wp-json\/wp\/v2\/media?parent=546"}],"curies":[{"name":"wp","href":"https:\/\/api.w.org\/{rel}","templated":true}]}}