{"id":542,"date":"2013-07-11T20:27:57","date_gmt":"2013-07-11T20:27:57","guid":{"rendered":"http:\/\/aplicacao.rio.institucional.ws\/?page_id=542"},"modified":"2019-06-13T15:39:14","modified_gmt":"2019-06-13T15:39:14","slug":"nossa-historia","status":"publish","type":"page","link":"https:\/\/aplicacao.rio.br\/taquara\/institucional\/nossa-historia\/","title":{"rendered":"Nossa Hist\u00f3ria"},"content":{"rendered":"<header><img decoding=\"async\" src=\"https:\/\/aplicacao.rio.br\/taquara\/wp-content\/uploads\/2013\/08\/nossa_historia.png\" alt=\"nossa_historia\" \/><\/header>\n<h2 class=\"h1\">Um novo col\u00e9gio, com 50 anos de tradi\u00e7\u00e3o<\/h2>\n<p>A hist\u00f3ria do Col\u00e9gio e Curso Aplica\u00e7\u00e3o est\u00e1 visceralmente atrelada \u00e0 hist\u00f3ria de seu fundador Prof. Ant\u00f4nio Jos\u00e9 Zaib, em\u00e9rito educador que iniciou sua labuta na \u00e1rea do ensino em meados da d\u00e9cada de 40. Ap\u00f3s obter o reconhecimento como professor, no in\u00edcio de sua carreira, decidiu fundar, em 1955, o Col\u00e9gio Dom Oton Motta, \u00e0 Av. Felipe Cardoso n\u00ba 329, em Santa Cruz, onde tivera como um de seus l\u00edderes um de seus irm\u00e3os e contara com o apoio de em\u00e9ritos educadores, como o Prof. Lafayette Belfort Garcia, Prof. Francisco Gama Lima e o Bispo Dom Oton Motta, tendo sido pioneiro do ensino m\u00e9dio privado do bairro de Santa Cruz, Rio de Janeiro, transformando-se em refer\u00eancia de qualidade de ensino na regi\u00e3o.<\/p>\n<p>A segunda institui\u00e7\u00e3o de ensino, Col\u00e9gio Rio da Prata, tornou-se tamb\u00e9m, sob sua dire\u00e7\u00e3o, um grande educand\u00e1rio no bairro de Bangu, Rio de Janeiro, n\u00e3o apenas por suas instala\u00e7\u00f5es mas, tamb\u00e9m, pela qualidade e efici\u00eancia do ensino ministrado por primoroso quadro docente.<\/p>\n<p>J\u00e1 naquele tempo, o Prof. Ant\u00f4nio Jos\u00e9 Zaib lan\u00e7ara a ideia de fundar, naquela Regi\u00e3o Administrativa, a Faculdade S\u00e3o Jos\u00e9, que atenderia ampla \u00e1rea geogr\u00e1fica suburbana carioca, ideia que n\u00e3o chegou a se concretizar na \u00e9poca, porque o mesmo tivera que dedicar-se, exclusivamente, ao Col\u00e9gio Realengo, por si fundado em 1969.<\/p>\n<p>O Col\u00e9gio Realengo foi instalado em edif\u00edcio amplo e dotado de equipamentos pr\u00f3prios destinados a ministrar ensino de Educa\u00e7\u00e3o Infantil, Ensino Fundamental e M\u00e9dio, Educa\u00e7\u00e3o de Jovens e Adultos e Ensino Profissionalizante, oferecendo aos moradores da regi\u00e3o a mais acurada e moderna t\u00e9cnica de ensino. Em 10\/10\/1974 prosseguindo no mesmo ideal de educador, seduzido por alguns amigos e professores, o Professor Ant\u00f4nio Jos\u00e9 Zaib decidiu pela funda\u00e7\u00e3o das Faculdades S\u00e3o Jos\u00e9. Posteriormente, em 1990, fundou a Creche Aldeia Mirim.<\/p>\n<p>Em 2013, dando continuidade ao seu trabalho em prol da educa\u00e7\u00e3o de qualidade no Rio de Janeiro, o Prof. Ant\u00f4nio Jos\u00e9 Zaib assume um antigo col\u00e9gio na Vila Militar e faz uma ampla reforma, tanto estrutural quanto conceitual e acad\u00eamica, inaugurando o seu mais novo empreendimento na sua j\u00e1 consagrada jornada de sucesso em prol da educa\u00e7\u00e3o. Nasce o Col\u00e9gio e Curso Aplica\u00e7\u00e3o.<\/p>\n<p><strong><span style=\"color: #008080;\">Movido pelo interesse em atender novas demandas com um diferencial did\u00e1tico pedag\u00f3gico, em 2016, nasce o Col\u00e9gio e Curso Aplica\u00e7\u00e3o, na Taquara. Um bairro de elevado crescimento populacional e de desenvolvimento comercial \u00edmpar, no contexto da regi\u00e3o oeste do Rio de Janeiro. Em pr\u00e9dio constru\u00eddo especialmente para a educa\u00e7\u00e3o, apresenta um ambiente acolhedor e com recursos tecnol\u00f3gicos de ponta para mediar o processo de aprendizagem das novas gera\u00e7\u00f5es.<\/span><\/strong> O sucesso s\u00f3 ocorre para aqueles que acreditam na for\u00e7a do trabalho em prol do bem comum.<\/p>\n","protected":false},"excerpt":{"rendered":"<p>Um novo col\u00e9gio, com 50 anos de tradi\u00e7\u00e3o A hist\u00f3ria do Col\u00e9gio e Curso Aplica\u00e7\u00e3o est\u00e1 visceralmente atrelada \u00e0 hist\u00f3ria de seu fundador Prof. Ant\u00f4nio Jos\u00e9 Zaib, em\u00e9rito educador que iniciou sua labuta na \u00e1rea do ensino em meados da d\u00e9cada de 40. Ap\u00f3s obter o reconhecimento como professor, no in\u00edcio de sua carreira, decidiu fundar, em 1955, o Col\u00e9gio Dom Oton Motta, \u00e0 Av. Felipe Cardoso n\u00ba 329, em&hellip;<\/p>\n","protected":false},"author":4916,"featured_media":0,"parent":516,"menu_order":0,"comment_status":"closed","ping_status":"closed","template":"","meta":{"footnotes":"","_links_to":"","_links_to_target":""},"class_list":["post-542","page","type-page","status-publish","hentry"],"_links":{"self":[{"href":"https:\/\/aplicacao.rio.br\/taquara\/wp-json\/wp\/v2\/pages\/542","targetHints":{"allow":["GET"]}}],"collection":[{"href":"https:\/\/aplicacao.rio.br\/taquara\/wp-json\/wp\/v2\/pages"}],"about":[{"href":"https:\/\/aplicacao.rio.br\/taquara\/wp-json\/wp\/v2\/types\/page"}],"author":[{"embeddable":true,"href":"https:\/\/aplicacao.rio.br\/taquara\/wp-json\/wp\/v2\/users\/4916"}],"replies":[{"embeddable":true,"href":"https:\/\/aplicacao.rio.br\/taquara\/wp-json\/wp\/v2\/comments?post=542"}],"version-history":[{"count":17,"href":"https:\/\/aplicacao.rio.br\/taquara\/wp-json\/wp\/v2\/pages\/542\/revisions"}],"predecessor-version":[{"id":14524,"href":"https:\/\/aplicacao.rio.br\/taquara\/wp-json\/wp\/v2\/pages\/542\/revisions\/14524"}],"up":[{"embeddable":true,"href":"https:\/\/aplicacao.rio.br\/taquara\/wp-json\/wp\/v2\/pages\/516"}],"wp:attachment":[{"href":"https:\/\/aplicacao.rio.br\/taquara\/wp-json\/wp\/v2\/media?parent=542"}],"curies":[{"name":"wp","href":"https:\/\/api.w.org\/{rel}","templated":true}]}}