{"id":4,"date":"2013-07-08T20:26:19","date_gmt":"2013-07-08T20:26:19","guid":{"rendered":"http:\/\/aplicacao.rio.institucional.ws\/?page_id=4"},"modified":"2026-01-21T14:55:16","modified_gmt":"2026-01-21T14:55:16","slug":"welcome","status":"publish","type":"page","link":"https:\/\/aplicacao.rio.br\/taquara\/","title":{"rendered":"Inicio"},"content":{"rendered":"<h3 class=\"underline paddingbottom\">Destaques<\/h3>\n<div class=\"shortcode post archive grid three-column\">\n<div class=\"grid-row linearise\">\n<div class=\"grid-item one-third\">\n<article class=\"unboxed\"><a href=\"https:\/\/divulgando.aplicacao.rio.br\/taquara-ensino-fundamental-1-2025\" target=\"_blank\" rel=\"noopener\"><img loading=\"lazy\" decoding=\"async\" class=\"alignnone wp-image-17327 size-full\" src=\"https:\/\/aplicacao.rio.br\/taquara\/wp-content\/uploads\/2024\/09\/destaques_fundamental_1.png\" alt=\"\" width=\"200\" height=\"132\" \/><\/a><\/p>\n<div class=\"content\">\n<h5 class=\"title text-center\"><a href=\"https:\/\/divulgando.aplicacao.rio.br\/taquara-ensino-fundamental-1-2025\" target=\"_new\" rel=\"noopener noreferrer\">Ensino Fundamental I<\/a><\/h5>\n<\/div>\n<\/article>\n<\/div>\n<div class=\"grid-item one-third\">\n<article class=\"unboxed\"><a href=\"https:\/\/divulgando.aplicacao.rio.br\/taquara-ensino-fundamental-2-2025\" target=\"_blank\" rel=\"noopener\"><img loading=\"lazy\" decoding=\"async\" class=\"alignnone wp-image-17328 size-full\" src=\"https:\/\/aplicacao.rio.br\/taquara\/wp-content\/uploads\/2024\/09\/destaques_fundamental_2.png\" alt=\"\" width=\"200\" height=\"132\" \/><\/a><\/p>\n<div class=\"content\">\n<h5 class=\"title text-center\"><a href=\"https:\/\/divulgando.aplicacao.rio.br\/taquara-ensino-fundamental-2-2025\" target=\"_new\" rel=\"noopener noreferrer\">Ensino Fundamental II<\/a><\/h5>\n<\/div>\n<\/article>\n<\/div>\n<div class=\"grid-item one-third\">\n<article class=\"unboxed\"><a href=\"https:\/\/divulgando.aplicacao.rio.br\/taquara-2025-ensino-medio\" target=\"_blank\" rel=\"noopener\"><img loading=\"lazy\" decoding=\"async\" class=\"alignnone wp-image-17333 size-full\" src=\"https:\/\/aplicacao.rio.br\/taquara\/wp-content\/uploads\/2024\/09\/destaques_ensino_medio.png\" alt=\"\" width=\"200\" height=\"132\" \/><\/a><\/p>\n<div class=\"content\">\n<h5 class=\"title text-center\"><a href=\"https:\/\/divulgando.aplicacao.rio.br\/taquara-2025-ensino-medio\" target=\"_new\" rel=\"noopener noreferrer\">Ensino M\u00e9dio<\/a><\/h5>\n<\/div>\n<\/article>\n<\/div>\n<div class=\"grid-item one-third\"><\/div>\n<\/div>\n<\/div>\n<h3 class=\"underline paddingbottom\">Institucional<\/h3>\n<div class=\"shortcode post archive grid two-column\">\n<div class=\"grid-row linearise\">\n<div class=\"grid-item one-half\">\n<article class=\"unboxed\"><a href=\"https:\/\/aplicacao.rio.br\/taquara\/institucional\/perfil-do-estudante\/\"><img loading=\"lazy\" decoding=\"async\" class=\"alignnone wp-image-17331 size-full\" src=\"https:\/\/aplicacao.rio.br\/taquara\/wp-content\/uploads\/2024\/09\/DESTAQUE_perfil_do_estudante.png\" alt=\"\" width=\"286\" height=\"169\" \/><\/a><\/p>\n<div class=\"content\">\n<h5 class=\"title text-center\"><a href=\"http:\/\/aplicacao.rio.br\/taquara\/institucional\/perfil-do-estudante\/\">Perfil do Estudante<\/a><\/h5>\n<\/div>\n<\/article>\n<\/div>\n<div class=\"grid-item one-half\">\n<article class=\"unboxed\"><a href=\"https:\/\/aplicacao.rio.br\/taquara\/institucional\/missao-visao-e-valores\/\"><img loading=\"lazy\" decoding=\"async\" class=\"alignnone wp-image-17332 size-full\" src=\"https:\/\/aplicacao.rio.br\/taquara\/wp-content\/uploads\/2024\/09\/DESTAQUE_visao_missao_valores.png\" alt=\"\" width=\"286\" height=\"169\" \/><\/a><a href=\"http:\/\/aplicacao.rio.br\/taquara\/institucional\/missao-visao-e-valores\/\"><br \/>\n<\/a><\/p>\n<div class=\"content\">\n<h5 class=\"title text-center\"><a href=\"http:\/\/aplicacao.rio.br\/taquara\/institucional\/missao-visao-e-valores\/\">Conhe\u00e7a nossa Vis\u00e3o, Miss\u00e3o e Valores<\/a><\/h5>\n<\/div>\n<\/article>\n<\/div>\n<\/div>\n<\/div>\n<p><!--\n\n\n<h3 class=\"underline paddingbottom\">Cursos<\/h3>\n\n\n\n\n<div class=\"box clearfix\" style=\"background: #fff; padding: 0;\">\n\n\n<div class=\"shortcode post archive grid two-column\">\n\n\n<div class=\"grid-row linearise\">\n\n\n<div class=\"grid-item one-half\">\n\n\n\n<article class=\"unboxed\"><a href=\"http:\/\/aplicacao.rio.br\/taquara\/cursos\/ensino-fundamental\/\">\n<img decoding=\"async\" class=\"img-responsive img-thumbnail img-hover-overlay\" src=\"http:\/\/aplicacao.rio.br\/taquara\/wp-content\/uploads\/2020\/10\/ensino_fundamental2-300x200.jpg\" alt=\"\">\n<\/a>\n\n\n<div class=\"content\">\n\n\n<h5 class=\"title text-center\"><a href=\"http:\/\/aplicacao.rio.br\/taquara\/cursos\/ensino-fundamental\/\">Ensino Fundamental I e II<\/a><\/h5>\n\n\n<\/div>\n\n\n<\/article>\n\n<\/div>\n\n\n\n\n<div class=\"grid-item one-half\">\n\n\n\n<article class=\"unboxed\"><a href=\"http:\/\/aplicacao.rio.br\/taquara\/cursos\/ensino-medio\/\">\n<img decoding=\"async\" class=\"img-responsive img-thumbnail img-hover-overlay\" src=\"http:\/\/aplicacao.rio.br\/taquara\/wp-content\/uploads\/2020\/10\/ensino_medio2-300x200.jpg\" alt=\"\">\n<\/a>\n\n\n<div class=\"content\">\n\n\n<h5 class=\"title text-center\"><a href=\"http:\/\/aplicacao.rio.br\/taquara\/cursos\/ensino-medio\/\">Ensino M\u00e9dio<\/a><\/h5>\n\n\n<\/div>\n\n\n<\/article>\n\n<\/div>\n\n\n<\/div>\n\n\n<\/div>\n\n\n<\/div>\n\n\n--><\/p>\n","protected":false},"excerpt":{"rendered":"<p>Destaques Ensino Fundamental I Ensino Fundamental II Ensino M\u00e9dio Institucional Perfil do Estudante Conhe\u00e7a nossa Vis\u00e3o, Miss\u00e3o e Valores<\/p>\n","protected":false},"author":4916,"featured_media":0,"parent":0,"menu_order":0,"comment_status":"closed","ping_status":"closed","template":"","meta":{"footnotes":"","_links_to":"","_links_to_target":""},"class_list":["post-4","page","type-page","status-publish","hentry"],"_links":{"self":[{"href":"https:\/\/aplicacao.rio.br\/taquara\/wp-json\/wp\/v2\/pages\/4","targetHints":{"allow":["GET"]}}],"collection":[{"href":"https:\/\/aplicacao.rio.br\/taquara\/wp-json\/wp\/v2\/pages"}],"about":[{"href":"https:\/\/aplicacao.rio.br\/taquara\/wp-json\/wp\/v2\/types\/page"}],"author":[{"embeddable":true,"href":"https:\/\/aplicacao.rio.br\/taquara\/wp-json\/wp\/v2\/users\/4916"}],"replies":[{"embeddable":true,"href":"https:\/\/aplicacao.rio.br\/taquara\/wp-json\/wp\/v2\/comments?post=4"}],"version-history":[{"count":420,"href":"https:\/\/aplicacao.rio.br\/taquara\/wp-json\/wp\/v2\/pages\/4\/revisions"}],"predecessor-version":[{"id":17431,"href":"https:\/\/aplicacao.rio.br\/taquara\/wp-json\/wp\/v2\/pages\/4\/revisions\/17431"}],"wp:attachment":[{"href":"https:\/\/aplicacao.rio.br\/taquara\/wp-json\/wp\/v2\/media?parent=4"}],"curies":[{"name":"wp","href":"https:\/\/api.w.org\/{rel}","templated":true}]}}